{"id":7,"date":"2025-10-09T06:44:57","date_gmt":"2025-10-09T06:44:57","guid":{"rendered":"https:\/\/www.hasma.ch\/?page_id=7"},"modified":"2025-10-26T09:12:44","modified_gmt":"2025-10-26T09:12:44","slug":"accueil","status":"publish","type":"page","link":"https:\/\/www.hasma.ch\/de\/","title":{"rendered":"Willkommen"},"content":{"rendered":"<div id=\"pl-7\"  class=\"panel-layout\" ><div id=\"pg-7-0\"  class=\"panel-grid panel-no-style\" ><div id=\"pgc-7-0-0\"  class=\"panel-grid-cell\" ><div id=\"panel-7-0-0-0\" class=\"so-panel widget widget_sow-editor panel-first-child panel-last-child\" data-index=\"0\" ><div class=\"panel-widget-style panel-widget-style-for-7-0-0-0\" ><div\n\t\t\t\n\t\t\tclass=\"so-widget-sow-editor so-widget-sow-editor-base\"\n\t\t\t\n\t\t>\n<div class=\"siteorigin-widget-tinymce textwidget\">\n\t<h1>HASMA Verkauf &amp; Beratung<\/h1>\n<h2 class=\"translation-block\">K+S Sekunden-Kleber<br>Generalvertretung Schweiz<\/h2>\n<p><strong>Gabriele Andreae - Scheidegger<\/strong><br \/>\nRoute de Curtilles 2<br \/>\nCH-1683 Chesalles<br \/>\nTel. 079 307 90 18<br \/>\nE-Mail: gabriele.andreae@gmail.com<br \/>\nwww.hasma.ch<\/p>\n<\/div>\n<\/div><\/div><\/div><\/div><div id=\"pgc-7-0-1\"  class=\"panel-grid-cell\" ><div id=\"panel-7-0-1-0\" class=\"so-panel widget widget_sow-editor panel-first-child panel-last-child\" data-index=\"1\" ><div class=\"panel-widget-style panel-widget-style-for-7-0-1-0\" ><div\n\t\t\t\n\t\t\tclass=\"so-widget-sow-editor so-widget-sow-editor-base\"\n\t\t\t\n\t\t>\n<div class=\"siteorigin-widget-tinymce textwidget\">\n\t<p><img loading=\"lazy\" decoding=\"async\" class=\"aligncenter wp-image-367 size-full\" src=\"https:\/\/www.hasma.ch\/wp-content\/uploads\/2025\/10\/HASMA-Colle-2.png\" alt=\"HASMA Ventes &amp; Conseils - K+S Colle universelle forte - Importation g\u00e9n\u00e9rale Suisse HASMA Verkauf &amp; Beratung - K+S Sekunden-Kleber - Generalvertretung Schweiz\" width=\"899\" height=\"450\" srcset=\"https:\/\/www.hasma.ch\/wp-content\/uploads\/2025\/10\/HASMA-Colle-2.png 899w, https:\/\/www.hasma.ch\/wp-content\/uploads\/2025\/10\/HASMA-Colle-2-300x150.png 300w, https:\/\/www.hasma.ch\/wp-content\/uploads\/2025\/10\/HASMA-Colle-2-768x384.png 768w, https:\/\/www.hasma.ch\/wp-content\/uploads\/2025\/10\/HASMA-Colle-2-18x9.png 18w, https:\/\/www.hasma.ch\/wp-content\/uploads\/2025\/10\/HASMA-Colle-2-600x300.png 600w\" sizes=\"auto, (max-width: 899px) 100vw, 899px\" \/><\/p>\n<\/div>\n<\/div><\/div><\/div><\/div><\/div><div id=\"pg-7-1\"  class=\"panel-grid panel-has-style\" ><div class=\"so-rounded panel-row-style panel-row-style-for-7-1\" ><div id=\"pgc-7-1-0\"  class=\"panel-grid-cell\" ><div id=\"panel-7-1-0-0\" class=\"so-panel widget widget_sow-editor panel-first-child panel-last-child\" data-index=\"2\" ><div\n\t\t\t\n\t\t\tclass=\"so-widget-sow-editor so-widget-sow-editor-base\"\n\t\t\t\n\t\t>\n<div class=\"siteorigin-widget-tinymce textwidget\">\n\t<h2>GEBRAUCHSANWEISUNG F\u00dcR K+S PRODUKTE<\/h2>\n<p><strong>Kleber-Fl\u00e4schli:<\/strong><\/p>\n<ol>\n<li>Vor erstem Gebrauch nur alleroberste Spitze wegschneiden.<\/li>\n<li>Nach Gebrauch Spitze mit Tuch abwischen, mit rotem Deckel gut verschliessen.<\/li>\n<li>Dann Fl\u00e4schli in enges Glas stellen, so dass es nicht umfallen und die Spitze verkleben kann.<\/li>\n<li>Kleber-Fl\u00e4schli immer im K\u00fchlschrank lagern.<\/li>\n<\/ol>\n<p class=\"translation-block\"><strong>Vorbereitung:<\/strong>:<br>\nVor dem Kleben alle Teile reinigen und gut entfetten mit Aceton oder Brennsprit.<\/p>\n<p class=\"translation-block\"><strong>Anwendung:\u2028<br>\n<\/strong>\nKleber immer nur auf eine der gereinigten Seite auftragen.(sonst zu viel Klebstoff) Dann beide Seiten gut anpassen und zusammen pressen. Nie sofort Reissprobe machen, einige Minuten wirken lassen. Verklebte Stellen oder Kleber k\u00f6nnen mit Aceton gel\u00f6st werden.<\/p>\n<p><strong>Rapid:<\/strong> (Verst\u00e4rker)<br \/>\nF\u00fcr alle por\u00f6sen Materialien (Keramik, Porzellan, Holz, Leder usw.) und alle schwer zu verklebenden Kunststoffe.(ausser Polyprodukte, Teflon, Silikon usw. siehe Poly-Primer)<br \/>\n<strong><strong>Rapid immer nur auf eine Seite mit dem Pinseli anstreichen!<\/strong><\/strong> Auf der andern Seite wie gewohnt den Kleber auftragen. Beide Seiten sehr gut anpassen und dann zusammenpressen. Sobald die beiden Seiten Kontakt haben ergibt sich eine starke Verklebung. Das Rapid-Fl\u00e4schli gut verschliessen und normal lagern. (nicht k\u00fchlen)<\/p>\n<p class=\"translation-block\"><strong>Poly-Primer:<br>\n<\/strong>\nF\u00fcr alle sogenannten \"fettigen Materialien\" wie Polyprodukte,Teflon,Silikon usw. die sonst nicht\nverklebt werden k\u00f6nnen. <strong>Beide gereinigten Seiten mit dem Poly-Pinseli anstreichen!<\/strong>\nDann wie gewohnt auf eine Seite den Kleber auftragen aber ohne mit der Spitze den Anstrich zu\nber\u00fchren, da sonst die Spitze verklebt. Beide Seiten gut anpassen und ca 1 Minute gut zusammen\npressen. Nicht sofort Reissprobe machen, wirken lassen.\nDas Poly-Fl\u00e4schli gut verschliessen und normal lagern. (nicht k\u00fchlen)<\/p>\n<p class=\"translation-block\"><strong>F\u00fcllstoff:<br>\n<\/strong>\nZur Verst\u00e4rkung und zum Auff\u00fcllen. Gereinigte, resp. schon geklebte Stelle mit gen\u00fcgend Kleber\nversehen und dann mit F\u00fcllstoff bestreuen. Vorgang wiederholen, bis Sie so gen\u00fcgend Material\naufgetragen haben. Diese getrocknete Masse kann geschliffen und \u00fcbermalt werden<\/p>\n<p>Beratung und f\u00fcr Ihre Fragen steht Ihnen die Nr. 079 307 90 18 jederzeit gerne zur Verf\u00fcgung.<\/p>\n<p><strong>Wir w\u00fcnschen Ihnen viel Erfolg mit allen K+S-Produkten!\u2028<br>Empfehlen Sie unsere Produkte weiter an Ihre Freunde und Bekannten, danke!<\/strong><\/p>\n<p style=\"text-align: right;\">Gabriele Andreae - Scheidegger<\/p>\n<\/div>\n<\/div><\/div><\/div><\/div><\/div><div id=\"pg-7-2\"  class=\"panel-grid panel-no-style\" ><div id=\"pgc-7-2-0\"  class=\"panel-grid-cell panel-grid-cell-empty panel-grid-cell-mobile-last\" ><\/div><div id=\"pgc-7-2-1\"  class=\"panel-grid-cell panel-grid-cell-empty\" ><\/div><\/div><\/div>","protected":false},"excerpt":{"rendered":"<p>HASMA Ventes &amp; Conseils K+S Colle universelle forte Importation g\u00e9n\u00e9rale Suisse Gabriele Andreae &#8211; Scheidegger Route de Curtilles 2 CH-1683 Chesalles Tel. 079 307 90 18 E-Mail: gabriele.andreae@gmail.com www.hasma.ch MODE D\u2019EMPLOI POUR LES PRODUITS K+S Bouteille de colle: Avant le premier emploi couper la premi\u00e8re pointe du haut. Apr\u00e8s emploi nettoyer avec un chiffon, refermer <a class=\"read-more\" href=\"https:\/\/www.hasma.ch\/de\/\">READ MORE<\/a><\/p>","protected":false},"author":1,"featured_media":0,"parent":0,"menu_order":0,"comment_status":"closed","ping_status":"closed","template":"template-full-width.php","meta":{"footnotes":""},"class_list":["post-7","page","type-page","status-publish","hentry"],"_links":{"self":[{"href":"https:\/\/www.hasma.ch\/de\/wp-json\/wp\/v2\/pages\/7","targetHints":{"allow":["GET"]}}],"collection":[{"href":"https:\/\/www.hasma.ch\/de\/wp-json\/wp\/v2\/pages"}],"about":[{"href":"https:\/\/www.hasma.ch\/de\/wp-json\/wp\/v2\/types\/page"}],"author":[{"embeddable":true,"href":"https:\/\/www.hasma.ch\/de\/wp-json\/wp\/v2\/users\/1"}],"replies":[{"embeddable":true,"href":"https:\/\/www.hasma.ch\/de\/wp-json\/wp\/v2\/comments?post=7"}],"version-history":[{"count":36,"href":"https:\/\/www.hasma.ch\/de\/wp-json\/wp\/v2\/pages\/7\/revisions"}],"predecessor-version":[{"id":368,"href":"https:\/\/www.hasma.ch\/de\/wp-json\/wp\/v2\/pages\/7\/revisions\/368"}],"wp:attachment":[{"href":"https:\/\/www.hasma.ch\/de\/wp-json\/wp\/v2\/media?parent=7"}],"curies":[{"name":"wp","href":"https:\/\/api.w.org\/{rel}","templated":true}]}}