{"id":147,"date":"2025-10-10T06:02:29","date_gmt":"2025-10-10T06:02:29","guid":{"rendered":"https:\/\/www.hasma.ch\/?post_type=product&#038;p=147"},"modified":"2025-10-21T12:49:38","modified_gmt":"2025-10-21T12:49:38","slug":"article-n-210","status":"publish","type":"product","link":"https:\/\/www.hasma.ch\/de\/produkt\/article-n-210\/","title":{"rendered":"Artikel Nr 210 - K+S Verst\u00e4rker-Beschleuniger 10ml"},"content":{"rendered":"<p>Rapid 10 ml Fl\u00e4schli<\/p>\n<p class=\"translation-block\">f\u00fcr saugf\u00e4hige, por\u00f6se Materialien und schnellere, st\u00e4rkere Verklebung von schwierigem Material.<br>\n(in Verbindung mit Klebstoff)<\/p>","protected":false},"excerpt":{"rendered":"<p>Rapid 10ml &#8211; Flacon Pour mat\u00e9riaux absorbants et poreux et collage plus rapide et plus solide des mat\u00e9riaux difficiles. (en association avec la colle)<\/p>","protected":false},"featured_media":150,"template":"","meta":[],"product_brand":[],"product_cat":[25],"product_tag":[],"class_list":{"0":"post-147","1":"product","2":"type-product","3":"status-publish","4":"has-post-thumbnail","6":"product_cat-hasma","8":"first","9":"instock","10":"shipping-taxable","11":"purchasable","12":"product-type-simple"},"_links":{"self":[{"href":"https:\/\/www.hasma.ch\/de\/wp-json\/wp\/v2\/product\/147","targetHints":{"allow":["GET"]}}],"collection":[{"href":"https:\/\/www.hasma.ch\/de\/wp-json\/wp\/v2\/product"}],"about":[{"href":"https:\/\/www.hasma.ch\/de\/wp-json\/wp\/v2\/types\/product"}],"wp:featuredmedia":[{"embeddable":true,"href":"https:\/\/www.hasma.ch\/de\/wp-json\/wp\/v2\/media\/150"}],"wp:attachment":[{"href":"https:\/\/www.hasma.ch\/de\/wp-json\/wp\/v2\/media?parent=147"}],"wp:term":[{"taxonomy":"product_brand","embeddable":true,"href":"https:\/\/www.hasma.ch\/de\/wp-json\/wp\/v2\/product_brand?post=147"},{"taxonomy":"product_cat","embeddable":true,"href":"https:\/\/www.hasma.ch\/de\/wp-json\/wp\/v2\/product_cat?post=147"},{"taxonomy":"product_tag","embeddable":true,"href":"https:\/\/www.hasma.ch\/de\/wp-json\/wp\/v2\/product_tag?post=147"}],"curies":[{"name":"wp","href":"https:\/\/api.w.org\/{rel}","templated":true}]}}