{"id":200,"date":"2025-10-11T06:21:11","date_gmt":"2025-10-11T06:21:11","guid":{"rendered":"https:\/\/www.hasma.ch\/?post_type=product&#038;p=200"},"modified":"2025-10-22T05:55:04","modified_gmt":"2025-10-22T05:55:04","slug":"article-n-650-set-adhesif-promotionnel-en-polyolefine","status":"publish","type":"product","link":"https:\/\/www.hasma.ch\/de\/produkt\/article-n-650-set-adhesif-promotionnel-en-polyolefine\/","title":{"rendered":"Artikel Nr 650 - Aktions-Polyolefin-Klebeset"},"content":{"rendered":"<p>Set bestehend aus: 1 x 10g K+S-Kleber, 1 x 10ml K+S-Poly-Primer und 1 x <strong>gratis <\/strong>Ersatz-Spitze. <strong>.<\/strong>.<\/p>\n<ul>\n<li>Sekundenschnelle Top-Verklebung<\/li>\n<li>Speziell entwickelt f\u00fcr schwierige Kunststoffe, Silikonkautschuk, Teflon, Silikon und Polyethylenprodukte<\/li>\n<\/ul>","protected":false},"excerpt":{"rendered":"<p>Set compos\u00e9 de : 1 x 10 g de colle K+S, 1 x 10 ml d&rsquo;appr\u00eat poly K+S et 1 x embout de rechange gratuit. Collage de qualit\u00e9 sup\u00e9rieure en quelques secondes Sp\u00e9cialement con\u00e7u pour les plastiques difficiles, le caoutchouc de silicone, le T\u00e9flon, le silicone et les produits en poly\u00e9thyl\u00e8ne<\/p>","protected":false},"featured_media":318,"template":"","meta":[],"product_brand":[],"product_cat":[25],"product_tag":[],"class_list":{"0":"post-200","1":"product","2":"type-product","3":"status-publish","4":"has-post-thumbnail","6":"product_cat-hasma","8":"first","9":"instock","10":"sale","11":"shipping-taxable","12":"purchasable","13":"product-type-simple"},"_links":{"self":[{"href":"https:\/\/www.hasma.ch\/de\/wp-json\/wp\/v2\/product\/200","targetHints":{"allow":["GET"]}}],"collection":[{"href":"https:\/\/www.hasma.ch\/de\/wp-json\/wp\/v2\/product"}],"about":[{"href":"https:\/\/www.hasma.ch\/de\/wp-json\/wp\/v2\/types\/product"}],"wp:featuredmedia":[{"embeddable":true,"href":"https:\/\/www.hasma.ch\/de\/wp-json\/wp\/v2\/media\/318"}],"wp:attachment":[{"href":"https:\/\/www.hasma.ch\/de\/wp-json\/wp\/v2\/media?parent=200"}],"wp:term":[{"taxonomy":"product_brand","embeddable":true,"href":"https:\/\/www.hasma.ch\/de\/wp-json\/wp\/v2\/product_brand?post=200"},{"taxonomy":"product_cat","embeddable":true,"href":"https:\/\/www.hasma.ch\/de\/wp-json\/wp\/v2\/product_cat?post=200"},{"taxonomy":"product_tag","embeddable":true,"href":"https:\/\/www.hasma.ch\/de\/wp-json\/wp\/v2\/product_tag?post=200"}],"curies":[{"name":"wp","href":"https:\/\/api.w.org\/{rel}","templated":true}]}}