{"id":201,"date":"2025-10-11T06:24:11","date_gmt":"2025-10-11T06:24:11","guid":{"rendered":"https:\/\/www.hasma.ch\/?post_type=product&#038;p=201"},"modified":"2025-10-21T15:57:48","modified_gmt":"2025-10-21T15:57:48","slug":"article-n-660-set-rapide-promotionnel","status":"publish","type":"product","link":"https:\/\/www.hasma.ch\/de\/produkt\/article-n-660-set-rapide-promotionnel\/","title":{"rendered":"Artikel Nr 660 - Aktions-Rapid-Set"},"content":{"rendered":"<p>Set bestehend aus: 1 x 10g K+S-Kleber, 1 x 10ml K+S-Rapid, 1 x 30g K+S-F\u00fcllstoff und 1 x <strong>gratis<\/strong> Ersatz-Spitze. <strong>.<\/strong>.<\/p>\n<ul>\n<li>Sekundenschnelle Top-Verklebung<\/li>\n<li class=\"translation-block\">Speziell f\u00fcr schwierige Kunststoffe und por\u00f6se,   saugf\u00e4hige Materialien, ausf\u00fcllen, verst\u00e4rken.\n  (alle Materialien ohne Teflon, Silikon, Poly-  Produkte)<\/li>\n<\/ul>","protected":false},"excerpt":{"rendered":"<p>Set compos\u00e9 de : 1 x 10 g de colle K+S, 1 x 10 ml de K+S Rapid, 1 x 30 g de mastic K+S et 1 x embout de rechange gratuit. Collage de qualit\u00e9 sup\u00e9rieure en quelques secondes Sp\u00e9cialement con\u00e7u pour le remplissage et le renforcement des plastiques difficiles et des mat\u00e9riaux poreux et <a class=\"read-more\" href=\"https:\/\/www.hasma.ch\/de\/produkt\/article-n-660-set-rapide-promotionnel\/\">READ MORE<\/a><\/p>","protected":false},"featured_media":202,"template":"","meta":[],"product_brand":[],"product_cat":[25],"product_tag":[],"class_list":{"0":"post-201","1":"product","2":"type-product","3":"status-publish","4":"has-post-thumbnail","6":"product_cat-hasma","8":"first","9":"instock","10":"sale","11":"shipping-taxable","12":"purchasable","13":"product-type-simple"},"_links":{"self":[{"href":"https:\/\/www.hasma.ch\/de\/wp-json\/wp\/v2\/product\/201","targetHints":{"allow":["GET"]}}],"collection":[{"href":"https:\/\/www.hasma.ch\/de\/wp-json\/wp\/v2\/product"}],"about":[{"href":"https:\/\/www.hasma.ch\/de\/wp-json\/wp\/v2\/types\/product"}],"wp:featuredmedia":[{"embeddable":true,"href":"https:\/\/www.hasma.ch\/de\/wp-json\/wp\/v2\/media\/202"}],"wp:attachment":[{"href":"https:\/\/www.hasma.ch\/de\/wp-json\/wp\/v2\/media?parent=201"}],"wp:term":[{"taxonomy":"product_brand","embeddable":true,"href":"https:\/\/www.hasma.ch\/de\/wp-json\/wp\/v2\/product_brand?post=201"},{"taxonomy":"product_cat","embeddable":true,"href":"https:\/\/www.hasma.ch\/de\/wp-json\/wp\/v2\/product_cat?post=201"},{"taxonomy":"product_tag","embeddable":true,"href":"https:\/\/www.hasma.ch\/de\/wp-json\/wp\/v2\/product_tag?post=201"}],"curies":[{"name":"wp","href":"https:\/\/api.w.org\/{rel}","templated":true}]}}