{"id":203,"date":"2025-10-11T06:28:27","date_gmt":"2025-10-11T06:28:27","guid":{"rendered":"https:\/\/www.hasma.ch\/?post_type=product&#038;p=203"},"modified":"2025-10-21T15:55:52","modified_gmt":"2025-10-21T15:55:52","slug":"article-n-670-set-superieur-promotionnel","status":"publish","type":"product","link":"https:\/\/www.hasma.ch\/de\/produkt\/article-n-670-set-superieur-promotionnel\/","title":{"rendered":"Artikel Nr 670 - Aktions-Top-Set"},"content":{"rendered":"<p>Set bestehend aus: 1 x 10g K+S-Kleber, 1 x 10ml K+S-Rapid, 1 x 10ml K+S-Poly-Primer und 1 x <strong>gratis<\/strong> Ersatz-Spitze. <strong>.<\/strong>.<\/p>\n<ul>\n<li>Sekundenschnelle Top-Verklebung<\/li>\n<li>f\u00fcr alle Materialien, auch f\u00fcr schwierige   Kunststoffe, Silikongummi, Teflon, Silikon und   Poly-Produkte<\/li>\n<\/ul>","protected":false},"excerpt":{"rendered":"<p>Set compos\u00e9 de : 1 x 10 g de colle K+S, 1 x 10 ml de K+S Rapid, 1 x 10 ml de K+S Poly Primer et 1 x embout de rechange gratuit. Collage de qualit\u00e9 sup\u00e9rieure en quelques secondes pour tous les mat\u00e9riaux, m\u00eame les plastiques difficiles, le caoutchouc de silicone, le T\u00e9flon, le <a class=\"read-more\" href=\"https:\/\/www.hasma.ch\/de\/produkt\/article-n-670-set-superieur-promotionnel\/\">READ MORE<\/a><\/p>","protected":false},"featured_media":204,"template":"","meta":[],"product_brand":[],"product_cat":[25],"product_tag":[],"class_list":{"0":"post-203","1":"product","2":"type-product","3":"status-publish","4":"has-post-thumbnail","6":"product_cat-hasma","8":"first","9":"instock","10":"sale","11":"shipping-taxable","12":"purchasable","13":"product-type-simple"},"_links":{"self":[{"href":"https:\/\/www.hasma.ch\/de\/wp-json\/wp\/v2\/product\/203","targetHints":{"allow":["GET"]}}],"collection":[{"href":"https:\/\/www.hasma.ch\/de\/wp-json\/wp\/v2\/product"}],"about":[{"href":"https:\/\/www.hasma.ch\/de\/wp-json\/wp\/v2\/types\/product"}],"wp:featuredmedia":[{"embeddable":true,"href":"https:\/\/www.hasma.ch\/de\/wp-json\/wp\/v2\/media\/204"}],"wp:attachment":[{"href":"https:\/\/www.hasma.ch\/de\/wp-json\/wp\/v2\/media?parent=203"}],"wp:term":[{"taxonomy":"product_brand","embeddable":true,"href":"https:\/\/www.hasma.ch\/de\/wp-json\/wp\/v2\/product_brand?post=203"},{"taxonomy":"product_cat","embeddable":true,"href":"https:\/\/www.hasma.ch\/de\/wp-json\/wp\/v2\/product_cat?post=203"},{"taxonomy":"product_tag","embeddable":true,"href":"https:\/\/www.hasma.ch\/de\/wp-json\/wp\/v2\/product_tag?post=203"}],"curies":[{"name":"wp","href":"https:\/\/api.w.org\/{rel}","templated":true}]}}