{"id":7,"date":"2025-10-09T06:44:57","date_gmt":"2025-10-09T06:44:57","guid":{"rendered":"https:\/\/www.hasma.ch\/?page_id=7"},"modified":"2025-10-26T09:12:44","modified_gmt":"2025-10-26T09:12:44","slug":"accueil","status":"publish","type":"page","link":"https:\/\/www.hasma.ch\/fr_fr\/","title":{"rendered":"Accueil"},"content":{"rendered":"<div id=\"pl-7\"  class=\"panel-layout\" ><div id=\"pg-7-0\"  class=\"panel-grid panel-no-style\" ><div id=\"pgc-7-0-0\"  class=\"panel-grid-cell\" ><div id=\"panel-7-0-0-0\" class=\"so-panel widget widget_sow-editor panel-first-child panel-last-child\" data-index=\"0\" ><div class=\"panel-widget-style panel-widget-style-for-7-0-0-0\" ><div\n\t\t\t\n\t\t\tclass=\"so-widget-sow-editor so-widget-sow-editor-base\"\n\t\t\t\n\t\t>\n<div class=\"siteorigin-widget-tinymce textwidget\">\n\t<h1>HASMA Ventes &amp; Conseils<\/h1>\n<h2>K+S Colle universelle forte<br \/>\nImportation g\u00e9n\u00e9rale Suisse<\/h2>\n<p><strong>Gabriele Andreae - Scheidegger<\/strong><br \/>\nRoute de Curtilles 2<br \/>\nCH-1683 Chesalles<br \/>\nTel. 079 307 90 18<br \/>\nE-Mail: gabriele.andreae@gmail.com<br \/>\nwww.hasma.ch<\/p>\n<\/div>\n<\/div><\/div><\/div><\/div><div id=\"pgc-7-0-1\"  class=\"panel-grid-cell\" ><div id=\"panel-7-0-1-0\" class=\"so-panel widget widget_sow-editor panel-first-child panel-last-child\" data-index=\"1\" ><div class=\"panel-widget-style panel-widget-style-for-7-0-1-0\" ><div\n\t\t\t\n\t\t\tclass=\"so-widget-sow-editor so-widget-sow-editor-base\"\n\t\t\t\n\t\t>\n<div class=\"siteorigin-widget-tinymce textwidget\">\n\t<p><img loading=\"lazy\" decoding=\"async\" class=\"aligncenter wp-image-367 size-full\" src=\"https:\/\/www.hasma.ch\/wp-content\/uploads\/2025\/10\/HASMA-Colle-2.png\" alt=\"HASMA Ventes &amp; Conseils - K+S Colle universelle forte - Importation g\u00e9n\u00e9rale Suisse HASMA Verkauf &amp; Beratung - K+S Sekunden-Kleber - Generalvertretung Schweiz\" width=\"899\" height=\"450\" srcset=\"https:\/\/www.hasma.ch\/wp-content\/uploads\/2025\/10\/HASMA-Colle-2.png 899w, https:\/\/www.hasma.ch\/wp-content\/uploads\/2025\/10\/HASMA-Colle-2-300x150.png 300w, https:\/\/www.hasma.ch\/wp-content\/uploads\/2025\/10\/HASMA-Colle-2-768x384.png 768w, https:\/\/www.hasma.ch\/wp-content\/uploads\/2025\/10\/HASMA-Colle-2-18x9.png 18w, https:\/\/www.hasma.ch\/wp-content\/uploads\/2025\/10\/HASMA-Colle-2-600x300.png 600w\" sizes=\"auto, (max-width: 899px) 100vw, 899px\" \/><\/p>\n<\/div>\n<\/div><\/div><\/div><\/div><\/div><div id=\"pg-7-1\"  class=\"panel-grid panel-has-style\" ><div class=\"so-rounded panel-row-style panel-row-style-for-7-1\" ><div id=\"pgc-7-1-0\"  class=\"panel-grid-cell\" ><div id=\"panel-7-1-0-0\" class=\"so-panel widget widget_sow-editor panel-first-child panel-last-child\" data-index=\"2\" ><div\n\t\t\t\n\t\t\tclass=\"so-widget-sow-editor so-widget-sow-editor-base\"\n\t\t\t\n\t\t>\n<div class=\"siteorigin-widget-tinymce textwidget\">\n\t<h2>MODE D\u2019EMPLOI POUR LES PRODUITS K+S<\/h2>\n<p><strong>Bouteille de colle:<\/strong><\/p>\n<ol>\n<li>Avant le premier emploi couper la premi\u00e8re pointe du haut.<\/li>\n<li>Apr\u00e8s emploi nettoyer avec un chiffon, refermer avec le couvercle rouge.<\/li>\n<li>Placer la bouteille dans un bocal (verre) \u00e9troit pour \u00e9viter qu\u2019elle bascule et que la pointe se bouche.<\/li>\n<li>La bouteille de colle se conserve au frigo.<\/li>\n<\/ol>\n<p><strong>Pr\u00e9paration:<br \/>\n<\/strong>Avant le collage toutes les pi\u00e8ces doivent \u00eatre soigneusement nettoy\u00e9es et d\u00e9graiss\u00e9es avec de l\u2019ac\u00e9tone ou de l\u2019alcool \u00e0 br\u00fbler.<\/p>\n<p><strong>Mode d\u2019emploi:<br \/>\n<\/strong>La colle est seulement appliqu\u00e9e sur une face des pi\u00e8ces nettoy\u00e9es (pour \u00e9viter trop d\u2019utilisation de colle). Puis joindre les deux bouts, bien assembler et presser. Jamais faire un essais imm\u00e9diat, toujours attendre quelques minutes. Les endroits coll\u00e9s ou la bouteille peuvent \u00eatre nettoy\u00e9s avec de l\u2019ac\u00e9tone.<\/p>\n<p><strong>Rapid:<\/strong> (Durcisseur)<br \/>\nPour tous les mat\u00e9riaux poreux (c\u00e9ramique, porcellaine, bois, cuire etc.) et tous les produits synth\u00e9tiques difficiles \u00e0 coller (sauf les produits poly, t\u00e9flon, silicone etc.voir Poly-Primer)<br \/>\n<strong>Rapid doit \u00eatre appliqu\u00e9 avec le pinceau et uniquement sur un c\u00f4t\u00e9<\/strong> ! La colle sera utilis\u00e9e comme d\u2019habitude pour l\u2019autre c\u00f4t\u00e9. Assembler pr\u00e9cis\u00e9ment les deux c\u00f4t\u00e9s et presser. Au toucher des deux c\u00f4t\u00e9s la colle s\u2019actionne. La bouteille Rapid se conserve bien ferm\u00e9e \u00e0 un endroit sec. (ne pas mettre au frigo)<\/p>\n<p><strong>Poly-Primer:<br \/>\n<\/strong>Pour tous les produits \u201cgras\u201d comme les produits polys, t\u00e9flons, silicones etc. qui normalement ne se collent pas. <strong>Appliquer les deux c\u00f4t\u00e9s des pi\u00e8ces nettoy\u00e9es avec le pinceau Poly<\/strong>! Ensuite utiliser la colle comme d\u2019habitude sur un c\u00f4t\u00e9. Assembler pr\u00e9cis\u00e9ment les deux c\u00f4t\u00e9s et presser pendant env. 1 minute. Jamais faire un essais imm\u00e9diat, laisser agir. La bouteille de Poly se conserve bien ferm\u00e9e \u00e0 un endroit sec. (ne pas mettre au frigo)<\/p>\n<p><strong>Remplisseur: Sable ou M\u00e9tal<br \/>\n<\/strong>Pour renforcer et remplir. Pi\u00e8ces nettoy\u00e9es, respectivement des c\u00f4t\u00e9s d\u00e9j\u00e0 coll\u00e9s munir de colle et saupoudrer le remplisseur, r\u00e9p\u00e9ter l\u2019op\u00e9ration jusqu\u2019\u00e0 ce qu\u2019il y a assez de mati\u00e8re. La masse s\u00e9ch\u00e9e peut \u00eatre ponc\u00e9e et peinte.<\/p>\n<p>Pour des conseils et des questions le num\u00e9ro 079 307 90 18 est \u00e0 votre disposition. N'h\u00e9sitez pas \u00e0 recommander nos produits \u00e0 vos amis et connaissances, merci !<\/p>\n<p><strong>Nous vous souhaitons beaucoup de succ\u00e8s avec tous nos produits K+S<\/strong><\/p>\n<p style=\"text-align: right;\">Gabriele Andreae - Scheidegger<\/p>\n<\/div>\n<\/div><\/div><\/div><\/div><\/div><div id=\"pg-7-2\"  class=\"panel-grid panel-no-style\" ><div id=\"pgc-7-2-0\"  class=\"panel-grid-cell panel-grid-cell-empty panel-grid-cell-mobile-last\" ><\/div><div id=\"pgc-7-2-1\"  class=\"panel-grid-cell panel-grid-cell-empty\" ><\/div><\/div><\/div>","protected":false},"excerpt":{"rendered":"<p>HASMA Ventes &amp; Conseils K+S Colle universelle forte Importation g\u00e9n\u00e9rale Suisse Gabriele Andreae &#8211; Scheidegger Route de Curtilles 2 CH-1683 Chesalles Tel. 079 307 90 18 E-Mail: gabriele.andreae@gmail.com www.hasma.ch MODE D\u2019EMPLOI POUR LES PRODUITS K+S Bouteille de colle: Avant le premier emploi couper la premi\u00e8re pointe du haut. Apr\u00e8s emploi nettoyer avec un chiffon, refermer <a class=\"read-more\" href=\"https:\/\/www.hasma.ch\/fr_fr\/\">READ MORE<\/a><\/p>\n","protected":false},"author":1,"featured_media":0,"parent":0,"menu_order":0,"comment_status":"closed","ping_status":"closed","template":"template-full-width.php","meta":{"footnotes":""},"class_list":["post-7","page","type-page","status-publish","hentry"],"_links":{"self":[{"href":"https:\/\/www.hasma.ch\/fr_fr\/wp-json\/wp\/v2\/pages\/7","targetHints":{"allow":["GET"]}}],"collection":[{"href":"https:\/\/www.hasma.ch\/fr_fr\/wp-json\/wp\/v2\/pages"}],"about":[{"href":"https:\/\/www.hasma.ch\/fr_fr\/wp-json\/wp\/v2\/types\/page"}],"author":[{"embeddable":true,"href":"https:\/\/www.hasma.ch\/fr_fr\/wp-json\/wp\/v2\/users\/1"}],"replies":[{"embeddable":true,"href":"https:\/\/www.hasma.ch\/fr_fr\/wp-json\/wp\/v2\/comments?post=7"}],"version-history":[{"count":36,"href":"https:\/\/www.hasma.ch\/fr_fr\/wp-json\/wp\/v2\/pages\/7\/revisions"}],"predecessor-version":[{"id":368,"href":"https:\/\/www.hasma.ch\/fr_fr\/wp-json\/wp\/v2\/pages\/7\/revisions\/368"}],"wp:attachment":[{"href":"https:\/\/www.hasma.ch\/fr_fr\/wp-json\/wp\/v2\/media?parent=7"}],"curies":[{"name":"wp","href":"https:\/\/api.w.org\/{rel}","templated":true}]}}