{"id":151,"date":"2025-10-10T06:05:21","date_gmt":"2025-10-10T06:05:21","guid":{"rendered":"https:\/\/www.hasma.ch\/?post_type=product&#038;p=151"},"modified":"2025-10-21T12:49:09","modified_gmt":"2025-10-21T12:49:09","slug":"article-n-310","status":"publish","type":"product","link":"https:\/\/www.hasma.ch\/fr_fr\/produit\/article-n-310\/","title":{"rendered":"Article n\u00b0 310 &#8211; Primaire polyol\u00e9fine K+S 10ml"},"content":{"rendered":"<p>Poly-Primer 10ml &#8211; Flacon<\/p>\n<p>Pour le poly\u00e9thyl\u00e8ne, le silicone, les \u00e9lastom\u00e8res, le PTFE, le caoutchouc EPDM et les plastiques difficiles \u00e0 coller.<br \/>\n(en association avec la colle)<\/p>\n","protected":false},"excerpt":{"rendered":"<p>Poly-Primer 10ml &#8211; Flacon Pour le poly\u00e9thyl\u00e8ne, le silicone, les \u00e9lastom\u00e8res, le PTFE, le caoutchouc EPDM et les plastiques difficiles \u00e0 coller. (en association avec la colle)<\/p>\n","protected":false},"featured_media":149,"template":"","meta":[],"product_brand":[],"product_cat":[25],"product_tag":[],"class_list":{"0":"post-151","1":"product","2":"type-product","3":"status-publish","4":"has-post-thumbnail","6":"product_cat-hasma","8":"first","9":"instock","10":"shipping-taxable","11":"purchasable","12":"product-type-simple"},"_links":{"self":[{"href":"https:\/\/www.hasma.ch\/fr_fr\/wp-json\/wp\/v2\/product\/151","targetHints":{"allow":["GET"]}}],"collection":[{"href":"https:\/\/www.hasma.ch\/fr_fr\/wp-json\/wp\/v2\/product"}],"about":[{"href":"https:\/\/www.hasma.ch\/fr_fr\/wp-json\/wp\/v2\/types\/product"}],"wp:featuredmedia":[{"embeddable":true,"href":"https:\/\/www.hasma.ch\/fr_fr\/wp-json\/wp\/v2\/media\/149"}],"wp:attachment":[{"href":"https:\/\/www.hasma.ch\/fr_fr\/wp-json\/wp\/v2\/media?parent=151"}],"wp:term":[{"taxonomy":"product_brand","embeddable":true,"href":"https:\/\/www.hasma.ch\/fr_fr\/wp-json\/wp\/v2\/product_brand?post=151"},{"taxonomy":"product_cat","embeddable":true,"href":"https:\/\/www.hasma.ch\/fr_fr\/wp-json\/wp\/v2\/product_cat?post=151"},{"taxonomy":"product_tag","embeddable":true,"href":"https:\/\/www.hasma.ch\/fr_fr\/wp-json\/wp\/v2\/product_tag?post=151"}],"curies":[{"name":"wp","href":"https:\/\/api.w.org\/{rel}","templated":true}]}}