{"id":152,"date":"2025-10-10T06:07:23","date_gmt":"2025-10-10T06:07:23","guid":{"rendered":"https:\/\/www.hasma.ch\/?post_type=product&#038;p=152"},"modified":"2025-10-21T12:48:43","modified_gmt":"2025-10-21T12:48:43","slug":"article-n-430","status":"publish","type":"product","link":"https:\/\/www.hasma.ch\/fr_fr\/produit\/article-n-430\/","title":{"rendered":"Article n\u00b0 430 &#8211; Poudre de remplissage K+S 30g"},"content":{"rendered":"<p>Quartz de remplissage flacon de 30g<\/p>\n<p>Pour combler les trous et les fissures en m\u00e9lange avec la colle ; renforce \u00e9galement tous les mat\u00e9riaux.<br \/>\n(en combinaison avec la colle)<\/p>\n","protected":false},"excerpt":{"rendered":"<p>Quartz de remplissage flacon de 30g Pour combler les trous et les fissures en m\u00e9lange avec la colle ; renforce \u00e9galement tous les mat\u00e9riaux. (en combinaison avec la colle)<\/p>\n","protected":false},"featured_media":154,"template":"","meta":[],"product_brand":[],"product_cat":[25],"product_tag":[],"class_list":{"0":"post-152","1":"product","2":"type-product","3":"status-publish","4":"has-post-thumbnail","6":"product_cat-hasma","8":"first","9":"instock","10":"shipping-taxable","11":"purchasable","12":"product-type-simple"},"_links":{"self":[{"href":"https:\/\/www.hasma.ch\/fr_fr\/wp-json\/wp\/v2\/product\/152","targetHints":{"allow":["GET"]}}],"collection":[{"href":"https:\/\/www.hasma.ch\/fr_fr\/wp-json\/wp\/v2\/product"}],"about":[{"href":"https:\/\/www.hasma.ch\/fr_fr\/wp-json\/wp\/v2\/types\/product"}],"wp:featuredmedia":[{"embeddable":true,"href":"https:\/\/www.hasma.ch\/fr_fr\/wp-json\/wp\/v2\/media\/154"}],"wp:attachment":[{"href":"https:\/\/www.hasma.ch\/fr_fr\/wp-json\/wp\/v2\/media?parent=152"}],"wp:term":[{"taxonomy":"product_brand","embeddable":true,"href":"https:\/\/www.hasma.ch\/fr_fr\/wp-json\/wp\/v2\/product_brand?post=152"},{"taxonomy":"product_cat","embeddable":true,"href":"https:\/\/www.hasma.ch\/fr_fr\/wp-json\/wp\/v2\/product_cat?post=152"},{"taxonomy":"product_tag","embeddable":true,"href":"https:\/\/www.hasma.ch\/fr_fr\/wp-json\/wp\/v2\/product_tag?post=152"}],"curies":[{"name":"wp","href":"https:\/\/api.w.org\/{rel}","templated":true}]}}