{"id":155,"date":"2025-10-10T06:11:47","date_gmt":"2025-10-10T06:11:47","guid":{"rendered":"https:\/\/www.hasma.ch\/?post_type=product&#038;p=155"},"modified":"2025-12-19T06:27:40","modified_gmt":"2025-12-19T06:27:40","slug":"article-n-440","status":"publish","type":"product","link":"https:\/\/www.hasma.ch\/fr_fr\/produit\/article-n-440\/","title":{"rendered":"Article n\u00b0 440 &#8211; Poudre de remplissage K+S 50g"},"content":{"rendered":"<p>Poudre de remplissage flacon de 50g<\/p>\n<p>Pour combler les trous et les fissures en m\u00e9lange avec la colle ; renforce \u00e9galement tous les mat\u00e9riaux.<br \/>\n(en combinaison avec la colle)<\/p>\n","protected":false},"excerpt":{"rendered":"<p>Poudre de remplissage flacon de 50g Pour combler les trous et les fissures en m\u00e9lange avec la colle ; renforce \u00e9galement tous les mat\u00e9riaux. (en combinaison avec la colle)<\/p>\n","protected":false},"featured_media":153,"template":"","meta":[],"product_brand":[],"product_cat":[25],"product_tag":[],"class_list":{"0":"post-155","1":"product","2":"type-product","3":"status-publish","4":"has-post-thumbnail","6":"product_cat-hasma","8":"first","9":"instock","10":"shipping-taxable","11":"purchasable","12":"product-type-simple"},"_links":{"self":[{"href":"https:\/\/www.hasma.ch\/fr_fr\/wp-json\/wp\/v2\/product\/155","targetHints":{"allow":["GET"]}}],"collection":[{"href":"https:\/\/www.hasma.ch\/fr_fr\/wp-json\/wp\/v2\/product"}],"about":[{"href":"https:\/\/www.hasma.ch\/fr_fr\/wp-json\/wp\/v2\/types\/product"}],"wp:featuredmedia":[{"embeddable":true,"href":"https:\/\/www.hasma.ch\/fr_fr\/wp-json\/wp\/v2\/media\/153"}],"wp:attachment":[{"href":"https:\/\/www.hasma.ch\/fr_fr\/wp-json\/wp\/v2\/media?parent=155"}],"wp:term":[{"taxonomy":"product_brand","embeddable":true,"href":"https:\/\/www.hasma.ch\/fr_fr\/wp-json\/wp\/v2\/product_brand?post=155"},{"taxonomy":"product_cat","embeddable":true,"href":"https:\/\/www.hasma.ch\/fr_fr\/wp-json\/wp\/v2\/product_cat?post=155"},{"taxonomy":"product_tag","embeddable":true,"href":"https:\/\/www.hasma.ch\/fr_fr\/wp-json\/wp\/v2\/product_tag?post=155"}],"curies":[{"name":"wp","href":"https:\/\/api.w.org\/{rel}","templated":true}]}}