{"id":197,"date":"2025-10-11T06:12:46","date_gmt":"2025-10-11T06:12:46","guid":{"rendered":"https:\/\/www.hasma.ch\/?post_type=product&#038;p=197"},"modified":"2025-10-22T05:53:49","modified_gmt":"2025-10-22T05:53:49","slug":"article-n-640-set-dadhesifs-rapides-promotionnels","status":"publish","type":"product","link":"https:\/\/www.hasma.ch\/fr_fr\/produit\/article-n-640-set-dadhesifs-rapides-promotionnels\/","title":{"rendered":"Article n\u00b0 640 &#8211; Set d&rsquo;adh\u00e9sifs rapides promotionnels"},"content":{"rendered":"<p>Set compos\u00e9 de : 1 x 10 g de colle K+S, 1 x 10 ml d&rsquo;amplificateur rapide K+S et 1 x embout de rechange <strong>gratuit<\/strong>.<\/p>\n<ul>\n<li>Collage de qualit\u00e9 sup\u00e9rieure en quelques secondes<\/li>\n<li>Sp\u00e9cialement con\u00e7u pour les plastiques difficiles et les mat\u00e9riaux poreux et absorbants.<br \/>\n(Tous les mat\u00e9riaux ne contiennent ni T\u00e9flon, ni silicone, ni produits poly.)<\/li>\n<\/ul>\n","protected":false},"excerpt":{"rendered":"<p>Set compos\u00e9 de : 1 x 10 g de colle K+S, 1 x 10 ml d&rsquo;amplificateur rapide K+S et 1 x embout de rechange gratuit. Collage de qualit\u00e9 sup\u00e9rieure en quelques secondes Sp\u00e9cialement con\u00e7u pour les plastiques difficiles et les mat\u00e9riaux poreux et absorbants. (Tous les mat\u00e9riaux ne contiennent ni T\u00e9flon, ni silicone, ni produits <a class=\"read-more\" href=\"https:\/\/www.hasma.ch\/fr_fr\/produit\/article-n-640-set-dadhesifs-rapides-promotionnels\/\">READ MORE<\/a><\/p>\n","protected":false},"featured_media":317,"template":"","meta":[],"product_brand":[],"product_cat":[25],"product_tag":[],"class_list":{"0":"post-197","1":"product","2":"type-product","3":"status-publish","4":"has-post-thumbnail","6":"product_cat-hasma","8":"first","9":"instock","10":"sale","11":"shipping-taxable","12":"purchasable","13":"product-type-simple"},"_links":{"self":[{"href":"https:\/\/www.hasma.ch\/fr_fr\/wp-json\/wp\/v2\/product\/197","targetHints":{"allow":["GET"]}}],"collection":[{"href":"https:\/\/www.hasma.ch\/fr_fr\/wp-json\/wp\/v2\/product"}],"about":[{"href":"https:\/\/www.hasma.ch\/fr_fr\/wp-json\/wp\/v2\/types\/product"}],"wp:featuredmedia":[{"embeddable":true,"href":"https:\/\/www.hasma.ch\/fr_fr\/wp-json\/wp\/v2\/media\/317"}],"wp:attachment":[{"href":"https:\/\/www.hasma.ch\/fr_fr\/wp-json\/wp\/v2\/media?parent=197"}],"wp:term":[{"taxonomy":"product_brand","embeddable":true,"href":"https:\/\/www.hasma.ch\/fr_fr\/wp-json\/wp\/v2\/product_brand?post=197"},{"taxonomy":"product_cat","embeddable":true,"href":"https:\/\/www.hasma.ch\/fr_fr\/wp-json\/wp\/v2\/product_cat?post=197"},{"taxonomy":"product_tag","embeddable":true,"href":"https:\/\/www.hasma.ch\/fr_fr\/wp-json\/wp\/v2\/product_tag?post=197"}],"curies":[{"name":"wp","href":"https:\/\/api.w.org\/{rel}","templated":true}]}}