{"id":205,"date":"2025-10-11T06:32:35","date_gmt":"2025-10-11T06:32:35","guid":{"rendered":"https:\/\/www.hasma.ch\/?post_type=product&#038;p=205"},"modified":"2025-10-21T15:55:21","modified_gmt":"2025-10-21T15:55:21","slug":"article-n-680-ensemble-professionnel-promotionnel","status":"publish","type":"product","link":"https:\/\/www.hasma.ch\/fr_fr\/produit\/article-n-680-ensemble-professionnel-promotionnel\/","title":{"rendered":"Article n\u00b0 680 &#8211; Ensemble professionnel promotionnel"},"content":{"rendered":"<p>Le set comprend : 1 colle K+S 10 g, 1 K+S Rapid 10 ml, 1 K+S Poly Primer 10 ml, 1 K+S Filler 30 g et 1 embout de rechange <strong>gratuit<\/strong>.<\/p>\n<ul>\n<li>Collage de qualit\u00e9 sup\u00e9rieure en quelques secondes<\/li>\n<li>Pour tous les mat\u00e9riaux, m\u00eame les plastiques difficiles, le caoutchouc de silicone, le T\u00e9flon, le silicone et les produits en poly\u00e9thyl\u00e8ne, ainsi que pour le remplissage et le renforcement.<\/li>\n<\/ul>\n","protected":false},"excerpt":{"rendered":"<p>Le set comprend : 1 colle K+S 10 g, 1 K+S Rapid 10 ml, 1 K+S Poly Primer 10 ml, 1 K+S Filler 30 g et 1 embout de rechange gratuit. Collage de qualit\u00e9 sup\u00e9rieure en quelques secondes Pour tous les mat\u00e9riaux, m\u00eame les plastiques difficiles, le caoutchouc de silicone, le T\u00e9flon, le silicone et <a class=\"read-more\" href=\"https:\/\/www.hasma.ch\/fr_fr\/produit\/article-n-680-ensemble-professionnel-promotionnel\/\">READ MORE<\/a><\/p>\n","protected":false},"featured_media":206,"template":"","meta":[],"product_brand":[],"product_cat":[25],"product_tag":[],"class_list":{"0":"post-205","1":"product","2":"type-product","3":"status-publish","4":"has-post-thumbnail","6":"product_cat-hasma","8":"first","9":"instock","10":"sale","11":"shipping-taxable","12":"purchasable","13":"product-type-simple"},"_links":{"self":[{"href":"https:\/\/www.hasma.ch\/fr_fr\/wp-json\/wp\/v2\/product\/205","targetHints":{"allow":["GET"]}}],"collection":[{"href":"https:\/\/www.hasma.ch\/fr_fr\/wp-json\/wp\/v2\/product"}],"about":[{"href":"https:\/\/www.hasma.ch\/fr_fr\/wp-json\/wp\/v2\/types\/product"}],"wp:featuredmedia":[{"embeddable":true,"href":"https:\/\/www.hasma.ch\/fr_fr\/wp-json\/wp\/v2\/media\/206"}],"wp:attachment":[{"href":"https:\/\/www.hasma.ch\/fr_fr\/wp-json\/wp\/v2\/media?parent=205"}],"wp:term":[{"taxonomy":"product_brand","embeddable":true,"href":"https:\/\/www.hasma.ch\/fr_fr\/wp-json\/wp\/v2\/product_brand?post=205"},{"taxonomy":"product_cat","embeddable":true,"href":"https:\/\/www.hasma.ch\/fr_fr\/wp-json\/wp\/v2\/product_cat?post=205"},{"taxonomy":"product_tag","embeddable":true,"href":"https:\/\/www.hasma.ch\/fr_fr\/wp-json\/wp\/v2\/product_tag?post=205"}],"curies":[{"name":"wp","href":"https:\/\/api.w.org\/{rel}","templated":true}]}}